{"id":160,"date":"2022-02-01T11:03:20","date_gmt":"2022-02-01T10:03:20","guid":{"rendered":"http:\/\/echoo.studio-adhoc.de\/?page_id=160"},"modified":"2025-09-05T23:36:16","modified_gmt":"2025-09-05T21:36:16","slug":"contacto","status":"publish","type":"page","link":"https:\/\/www.echoo.de\/es\/contacto\/","title":{"rendered":"Contacto"},"content":{"rendered":"\n<div class=\"wp-block-columns alignwide is-style-no-half-breakpoint is-layout-flex wp-container-core-columns-is-layout-9d6595d7 wp-block-columns-is-layout-flex\">\n<div class=\"wp-block-column is-layout-flow wp-block-column-is-layout-flow\" style=\"flex-basis:33.33%\">\n<h2 class=\"wp-block-heading\" id=\"barbara-hahn\">nIKI Kladoura<\/h2>\n\n\n\n<p>Int\u00e9rprete de conferencia diplomada<br>Schivelbeiner Str. 47<br>10439 Berlin<\/p>\n\n\n\n<p>Tel\u00e9fono: +49 30 \/ 46 79 67 96<\/p>\n\n\n\n<p>E-mail: <a href=\"mailto:co&#110;tact&#64;ec&#104;oo.&#100;&#101;\" class=\"normal\">&#99;ont&#97;&#99;t&#64;&#101;c&#104;&#111;&#111;.&#100;e<\/a><\/p>\n\n\n\n<figure class=\"wp-block-image alignleft size-large is-resized\"><img decoding=\"async\" src=\"https:\/\/www.echoo.de\/wp-content\/uploads\/2025\/06\/kontakt-june-2025-947x1024.jpg\" alt=\"Ponte en contacto con nosotros\" class=\"wp-image-826\" style=\"width:295px;height:auto\"\/><\/figure>\n<\/div>\n\n\n\n<div class=\"wp-block-column is-layout-flow wp-block-column-is-layout-flow\" style=\"flex-basis:66.66%\">\n\n\n\n<p>ECHOO es una red de int\u00e9rpretes de conferencia independientes. Las y los integrantes de ECHOO firman contratos en su propio nombre y por cuenta propia. ECHOO facilita int\u00e9rpretes con un alto nivel de cualificaci\u00f3n y compromiso de Berl\u00edn y otras ciudades para todo tipo de eventos internacionales, y organiza equipos a medida para trabajar en los idiomas que usted necesite.<\/p>\n<\/div>\n<\/div>\n","protected":false},"excerpt":{"rendered":"<p>nIKI Kladoura Int\u00e9rprete de conferencia diplomadaSchivelbeiner Str. 4710439 Berlin Tel\u00e9fono: +49 30 \/ 46 79 67 96 E-mail: ECHOO es una red de int\u00e9rpretes de conferencia independientes. Las y los&#8230;<\/p>\n","protected":false},"author":3,"featured_media":0,"parent":0,"menu_order":50,"comment_status":"closed","ping_status":"closed","template":"","meta":{"_acf_changed":false,"footnotes":""},"class_list":["post-160","page","type-page","status-publish","hentry"],"acf":[],"_links":{"self":[{"href":"https:\/\/www.echoo.de\/es\/wp-json\/wp\/v2\/pages\/160","targetHints":{"allow":["GET"]}}],"collection":[{"href":"https:\/\/www.echoo.de\/es\/wp-json\/wp\/v2\/pages"}],"about":[{"href":"https:\/\/www.echoo.de\/es\/wp-json\/wp\/v2\/types\/page"}],"author":[{"embeddable":true,"href":"https:\/\/www.echoo.de\/es\/wp-json\/wp\/v2\/users\/3"}],"replies":[{"embeddable":true,"href":"https:\/\/www.echoo.de\/es\/wp-json\/wp\/v2\/comments?post=160"}],"version-history":[{"count":4,"href":"https:\/\/www.echoo.de\/es\/wp-json\/wp\/v2\/pages\/160\/revisions"}],"predecessor-version":[{"id":682,"href":"https:\/\/www.echoo.de\/es\/wp-json\/wp\/v2\/pages\/160\/revisions\/682"}],"wp:attachment":[{"href":"https:\/\/www.echoo.de\/es\/wp-json\/wp\/v2\/media?parent=160"}],"curies":[{"name":"wp","href":"https:\/\/api.w.org\/{rel}","templated":true}]}}