{"id":366,"date":"2021-08-30T11:57:17","date_gmt":"2021-08-30T09:57:17","guid":{"rendered":"http:\/\/echoo.studio-adhoc.de\/?page_id=2"},"modified":"2025-09-05T23:20:51","modified_gmt":"2025-09-05T21:20:51","slug":"inicio","status":"publish","type":"page","link":"https:\/\/www.echoo.de\/es\/","title":{"rendered":"Inicio"},"content":{"rendered":"\n<h1 class=\"wp-block-heading\" id=\"dolmetschen-ist-teamarbeit\">\u00a1Hablamos su idioma!<\/h1>\n\n\n\n<h3 class=\"wp-block-heading\" id=\"sie-planen-eine-konferenz-ein-seminar-eine-veranstaltungsreihe-mit-internationaler-beteiligung-dann-sind-sie-bei-uns-genau-richtig\">\u00bfTiene previsto organizar una conferencia, un seminario o una serie de eventos de car\u00e1cter internacional? \u00bfDesea una cooperaci\u00f3n fluida y fiable, tanto de cara al p\u00fablico como entre bastidores? \u00a1Entonces somos exactamente lo que busca!<\/h3>\n\n\n\n<div style=\"height:30px\" aria-hidden=\"true\" class=\"wp-block-spacer\"><\/div>\n\n\n\n<div class=\"wp-block-columns alignwide is-layout-flex wp-container-core-columns-is-layout-9d6595d7 wp-block-columns-is-layout-flex\">\n<div class=\"wp-block-column is-layout-flow wp-block-column-is-layout-flow\" style=\"flex-basis:33.33%\">\n<figure class=\"wp-block-image size-large\"><img decoding=\"async\" src=\"https:\/\/www.echoo.de\/wp-content\/uploads\/2025\/06\/start-june-2025.jpg\" alt=\"Equipo de int\u00e9rpretes de conferencias de Echoo, somos int\u00e9rpretes experimentados de Berl\u00edn\"\/><\/figure>\n<\/div>\n\n\n\n<div class=\"wp-block-column is-vertically-aligned-center is-layout-flow wp-block-column-is-layout-flow\" style=\"flex-basis:66.66%\">\n<p>Somos un compenetrado equipo de int\u00e9rpretes con una larga experiencia profesional, y con gusto le ayudaremos a aclarar cualquier duda que pueda tener en materia de comunicaci\u00f3n.<\/p>\n\n\n\n<p>Facilitamos equipos de colegas con un alto nivel de cualificaci\u00f3n y compromiso para todo tipo de eventos internacionales en Berl\u00edn y en otras ciudades.<\/p>\n\n\n\n<p>Organizamos equipos a la medida de sus necesidades y en los idiomas que necesite.<\/p>\n\n\n\n<p>Tambi\u00e9n tenemos la soluci\u00f3n id\u00f3nea para sus eventos h\u00edbridos o en otros formatos en l\u00ednea.<\/p>\n\n\n\n<div style=\"height:20px\" aria-hidden=\"true\" class=\"wp-block-spacer\"><\/div>\n\n\n\n<div class=\"wp-block-buttons is-layout-flex wp-block-buttons-is-layout-flex\">\n<div class=\"wp-block-button\"><a class=\"wp-block-button__link wp-element-button\" href=\"https:\/\/www.echoo.de\/es\/contacto\/\"><strong>\u00a1CONTACTE DIRECTAMENTE CON NOSOTROS!<\/strong><\/a><\/div>\n\n\n\n<div class=\"wp-block-button\"><a class=\"wp-block-button__link wp-element-button\" href=\"https:\/\/www.echoo.de\/es\/equipo\/\"><strong>QUI\u00c9NES SOMOS<\/strong><\/a><\/div>\n\n\n\n<div class=\"wp-block-button\"><a class=\"wp-block-button__link wp-element-button\" href=\"https:\/\/www.echoo.de\/es\/servicios\/\"><strong>QU\u00c9 LE OFRECEMOS<\/strong><\/a><\/div>\n<\/div>\n<\/div>\n<\/div>\n","protected":false},"excerpt":{"rendered":"<p>\u00a1Hablamos su idioma! \u00bfTiene previsto organizar una conferencia, un seminario o una serie de eventos de car\u00e1cter internacional? \u00bfDesea una cooperaci\u00f3n fluida y fiable, tanto de cara al p\u00fablico como&#8230;<\/p>\n","protected":false},"author":3,"featured_media":0,"parent":0,"menu_order":0,"comment_status":"closed","ping_status":"closed","template":"","meta":{"_acf_changed":false,"footnotes":""},"class_list":["post-366","page","type-page","status-publish","hentry"],"acf":[],"_links":{"self":[{"href":"https:\/\/www.echoo.de\/es\/wp-json\/wp\/v2\/pages\/366","targetHints":{"allow":["GET"]}}],"collection":[{"href":"https:\/\/www.echoo.de\/es\/wp-json\/wp\/v2\/pages"}],"about":[{"href":"https:\/\/www.echoo.de\/es\/wp-json\/wp\/v2\/types\/page"}],"author":[{"embeddable":true,"href":"https:\/\/www.echoo.de\/es\/wp-json\/wp\/v2\/users\/3"}],"replies":[{"embeddable":true,"href":"https:\/\/www.echoo.de\/es\/wp-json\/wp\/v2\/comments?post=366"}],"version-history":[{"count":4,"href":"https:\/\/www.echoo.de\/es\/wp-json\/wp\/v2\/pages\/366\/revisions"}],"predecessor-version":[{"id":674,"href":"https:\/\/www.echoo.de\/es\/wp-json\/wp\/v2\/pages\/366\/revisions\/674"}],"wp:attachment":[{"href":"https:\/\/www.echoo.de\/es\/wp-json\/wp\/v2\/media?parent=366"}],"curies":[{"name":"wp","href":"https:\/\/api.w.org\/{rel}","templated":true}]}}