{"id":156,"date":"2022-02-01T11:02:24","date_gmt":"2022-02-01T10:02:24","guid":{"rendered":"http:\/\/echoo.studio-adhoc.de\/?page_id=156"},"modified":"2025-10-25T19:07:35","modified_gmt":"2025-10-25T17:07:35","slug":"references","status":"publish","type":"page","link":"https:\/\/www.echoo.de\/fr\/references\/","title":{"rendered":"R\u00e9f\u00e9rences"},"content":{"rendered":"\n<h1 class=\"wp-block-heading\" id=\"referenzen\">R\u00e9f\u00e9rences<\/h1>\n\n\n\n<hr class=\"wp-block-separator has-css-opacity\"\/>\n\n\n\n<details class=\"wp-block-details is-layout-flow wp-block-details-is-layout-flow\"><summary>Politique et soci\u00e9t\u00e9<\/summary>\n<ul class=\"wp-block-list\">\n<li>Fondation Genshagen: 8\u00e8me \u00e9dition des dialogues de Genshagen sur l&rsquo;\u00e9nergie &#8211; Efficacit\u00e9 et sobri\u00e9t\u00e9 \u00e9nerg\u00e9tiques en Europe : mesures d\u2019urgence ou strat\u00e9gie de long terme ? Genshagen, 2023<\/li>\n\n\n\n<li>S\u00e9nat francais: Visite du pr\u00e9sident du S\u00e9nat \u00e0 Berlin, 2023<\/li>\n\n\n\n<li>S\u00e9nat francais: R\u00e9unions des Commissions des finances du Bundestag et du S\u00e9nat, 2023<\/li>\n\n\n\n<li>Franz\u00f6sische Botschaft in Deutschland &#8211; Ambassade de France en Allemagne: Les relations UE-UA. Berlin, 2023<\/li>\n\n\n\n<li>Fondation Genshagen: Forum de Genshagen &#8211; \u00c0 l\u2019Est, du nouveau : les perspectives d\u2019\u00e9largissement de l\u2019Union europ\u00e9enne. Genshagen, 2023<\/li>\n<\/ul>\n<\/details>\n\n\n\n<hr class=\"wp-block-separator has-css-opacity\"\/>\n\n\n\n<details id=\"histoire_et_memoire\" class=\"wp-block-details is-layout-flow wp-block-details-is-layout-flow\"><summary>Histoire et m\u00e9moire<\/summary>\n<ul class=\"wp-block-list\">\n<li>Staatskanzlei des Landes Brandenburg: C\u00e9r\u00e9monie du trentenaire du m\u00e9morial Stiftung Brandenburgische Gedenkst\u00e4tten. Potsdam, 2023<\/li>\n\n\n\n<li>Centre Marc Bloch: Les soci\u00e9t\u00e9s europ\u00e9ennes face \u00e0 leur pass\u00e9 colonial &#8211; une relation difficile, 2023<\/li>\n\n\n\n<li>M\u00e9morial de la Shoah: Les enjeux de l\u2019enseignement de la Shoah aujourd\u2019hui. M\u00e9morial Haus der Wannseekonferenz, Berlin, 2023<\/li>\n<\/ul>\n<\/details>\n\n\n\n<hr class=\"wp-block-separator has-css-opacity\"\/>\n\n\n\n<details class=\"wp-block-details is-layout-flow wp-block-details-is-layout-flow\"><summary>\u00c9conomie et environnement<\/summary>\n<ul class=\"wp-block-list\">\n<li>Forum pour l\u2019avenir franco-allemand: Dialogue entre pairs: Chemnitz &#8211; R\u00e9novation \u00e9nerg\u00e9tique des b\u00e2timents : travailler de concert avec diff\u00e9rents acteurs. Berlin, 2023<\/li>\n\n\n\n<li>Institut Fran\u00e7ais de Berlin: Women Making Games. Berlin, 2023<\/li>\n\n\n\n<li>Engagement Global gGmbH: 3. Dialogue ODD des partenariats climatiques germano-africains. En ligne, 2023<\/li>\n\n\n\n<li>Deutsche Gesellschaft f\u00fcr Internationale Zusammenarbeit (GIZ) GmbH: \u00ab\u00a0La strat\u00e9gie nationale de l&rsquo;Alg\u00e9rie pour le d\u00e9veloppement de l&rsquo;hydrog\u00e9ne\u00a0\u00bb. Br\u00eame, 2023<\/li>\n\n\n\n<li>Common Wadden Sea Secretariat: UNESCO 5\u00e8me Conf\u00e9rence des gestionnaires du patrimoine mondial marin, Esbjerg (Danemark), 2023<\/li>\n<\/ul>\n<\/details>\n\n\n\n<hr class=\"wp-block-separator has-css-opacity\"\/>\n\n\n\n<details class=\"wp-block-details is-layout-flow wp-block-details-is-layout-flow\"><summary>Culture et \u00e9ducation<\/summary>\n<ul class=\"wp-block-list\">\n<li>Ambassade de France en Allemagne &#8211; Franz\u00f6sische Botschaft in Deutschland: L&rsquo;histoire culturelle de Berlin. Berlin, 2023<\/li>\n\n\n\n<li>Centre Marc Bloch: Lancement du Fonds de provenance : interview avec Souleymane Bachir Diagne, Pr\u00e9sident du Conseil Scientifique. Berlin, 2024<\/li>\n\n\n\n<li>Fondation Genshagen: Grand Prix Franco-Allemand des M\u00e9dias sur le th\u00e8me \u00ab Migrations : au c\u0153ur de l\u2019histoire et de l\u2019avenir de l\u2019Europe \u00bb. Berlin, 2023<\/li>\n\n\n\n<li>Bernau: C\u00e9r\u00e9monie de cl\u00f4ture des Special Olympics. Bernau, 2023<\/li>\n\n\n\n<li>Centre international de formation europ\u00e9enne (CIFE): Qui est Walter? R\u00e9sistance contre le Nazism en Europe. Berlin, 2023<\/li>\n\n\n\n<li>Fondation Genshagen: Eveil artistique et culturel &amp; participation: quelle place aux enfants? Genshagen, 2023<\/li>\n<\/ul>\n<\/details>\n\n\n\n<hr class=\"wp-block-separator has-css-opacity\"\/>\n\n\n\n<details class=\"wp-block-details is-layout-flow wp-block-details-is-layout-flow\"><summary>Sciences et sant\u00e9<\/summary>\n<ul class=\"wp-block-list\">\n<li>Acad\u00e9mie de Berlin: Visions d\u2019avenir franco-allemandes&nbsp;: Entretien entre les astronautes Claudie Haigner\u00e9 et Matthias Maurer. Berlin, 2023<\/li>\n\n\n\n<li>GIZ: Echanges entre experts de la sant\u00e9 publique.&nbsp;Berlin, 2023<\/li>\n\n\n\n<li>Franz\u00f6sische Botschaft in Deutschland &#8211; Ambassade de France en Allemagne: 8\u00e8me Journ\u00e9e franco-allemande des jeunes chercheuses et chercheurs. Berlin, 2023<\/li>\n<\/ul>\n<\/details>\n","protected":false},"excerpt":{"rendered":"<p>R\u00e9f\u00e9rences<\/p>\n","protected":false},"author":3,"featured_media":0,"parent":0,"menu_order":30,"comment_status":"closed","ping_status":"closed","template":"","meta":{"_acf_changed":false,"footnotes":""},"class_list":["post-156","page","type-page","status-publish","hentry"],"acf":[],"_links":{"self":[{"href":"https:\/\/www.echoo.de\/fr\/wp-json\/wp\/v2\/pages\/156","targetHints":{"allow":["GET"]}}],"collection":[{"href":"https:\/\/www.echoo.de\/fr\/wp-json\/wp\/v2\/pages"}],"about":[{"href":"https:\/\/www.echoo.de\/fr\/wp-json\/wp\/v2\/types\/page"}],"author":[{"embeddable":true,"href":"https:\/\/www.echoo.de\/fr\/wp-json\/wp\/v2\/users\/3"}],"replies":[{"embeddable":true,"href":"https:\/\/www.echoo.de\/fr\/wp-json\/wp\/v2\/comments?post=156"}],"version-history":[{"count":3,"href":"https:\/\/www.echoo.de\/fr\/wp-json\/wp\/v2\/pages\/156\/revisions"}],"predecessor-version":[{"id":731,"href":"https:\/\/www.echoo.de\/fr\/wp-json\/wp\/v2\/pages\/156\/revisions\/731"}],"wp:attachment":[{"href":"https:\/\/www.echoo.de\/fr\/wp-json\/wp\/v2\/media?parent=156"}],"curies":[{"name":"wp","href":"https:\/\/api.w.org\/{rel}","templated":true}]}}