{"id":160,"date":"2022-02-01T11:03:20","date_gmt":"2022-02-01T10:03:20","guid":{"rendered":"http:\/\/echoo.studio-adhoc.de\/?page_id=160"},"modified":"2025-09-05T23:02:08","modified_gmt":"2025-09-05T21:02:08","slug":"contact","status":"publish","type":"page","link":"https:\/\/www.echoo.de\/fr\/contact\/","title":{"rendered":"Contact"},"content":{"rendered":"\n<div class=\"wp-block-columns alignwide is-style-no-half-breakpoint is-layout-flex wp-container-core-columns-is-layout-9d6595d7 wp-block-columns-is-layout-flex\">\n<div class=\"wp-block-column is-layout-flow wp-block-column-is-layout-flow\" style=\"flex-basis:33.33%\">\n<h2 class=\"wp-block-heading\" id=\"barbara-hahn\">nIKI Kladoura<\/h2>\n\n\n\n<p>Interpr\u00e8te de conf\u00e9rence<br>Schivelbeiner Str. 47<br>10439 Berlin<\/p>\n\n\n\n<p>Tel: +49 30 \/ 46 79 67 96<\/p>\n\n\n\n<p>E-Mail: <a href=\"mailto:c&#111;n&#116;ac&#116;&#64;&#101;choo&#46;d&#101;\" class=\"normal\">&#99;&#111;n&#116;&#97;&#99;t&#64;e&#99;ho&#111;&#46;&#100;e<\/a><\/p>\n\n\n\n<figure class=\"wp-block-image alignleft size-large is-resized\"><img decoding=\"async\" src=\"https:\/\/www.echoo.de\/wp-content\/uploads\/2025\/06\/kontakt-june-2025-947x1024.jpg\" alt=\"Contactez-nous\" class=\"wp-image-826\" style=\"width:295px;height:auto\"\/><\/figure>\n<\/div>\n\n\n\n<div class=\"wp-block-column is-layout-flow wp-block-column-is-layout-flow\" style=\"flex-basis:66.66%\">\n\n\n\n<p>ECHOO est un r\u00e9seau d\u2019interpr\u00e8tes de conf\u00e9rence ind\u00e9pendants. Les membres d\u2019ECHOO concluent des contrats en leur propre nom et pour leur propre compte. ECHOO met \u00e0 votre disposition des coll\u00e8gues qualifi\u00e9s et motiv\u00e9s, de Berlin et d\u2019ailleurs, pour les \u00e9v\u00e9nements internationaux les plus divers et compose des \u00e9quipes sur mesure travaillant dans les langues dont vous avez besoin.<\/p>\n<\/div>\n<\/div>\n","protected":false},"excerpt":{"rendered":"<p>nIKI Kladoura Interpr\u00e8te de conf\u00e9renceSchivelbeiner Str. 4710439 Berlin Tel: +49 30 \/ 46 79 67 96 E-Mail: ECHOO est un r\u00e9seau d\u2019interpr\u00e8tes de conf\u00e9rence ind\u00e9pendants. Les membres d\u2019ECHOO concluent des&#8230;<\/p>\n","protected":false},"author":3,"featured_media":0,"parent":0,"menu_order":50,"comment_status":"closed","ping_status":"closed","template":"","meta":{"_acf_changed":false,"footnotes":""},"class_list":["post-160","page","type-page","status-publish","hentry"],"acf":[],"_links":{"self":[{"href":"https:\/\/www.echoo.de\/fr\/wp-json\/wp\/v2\/pages\/160","targetHints":{"allow":["GET"]}}],"collection":[{"href":"https:\/\/www.echoo.de\/fr\/wp-json\/wp\/v2\/pages"}],"about":[{"href":"https:\/\/www.echoo.de\/fr\/wp-json\/wp\/v2\/types\/page"}],"author":[{"embeddable":true,"href":"https:\/\/www.echoo.de\/fr\/wp-json\/wp\/v2\/users\/3"}],"replies":[{"embeddable":true,"href":"https:\/\/www.echoo.de\/fr\/wp-json\/wp\/v2\/comments?post=160"}],"version-history":[{"count":4,"href":"https:\/\/www.echoo.de\/fr\/wp-json\/wp\/v2\/pages\/160\/revisions"}],"predecessor-version":[{"id":697,"href":"https:\/\/www.echoo.de\/fr\/wp-json\/wp\/v2\/pages\/160\/revisions\/697"}],"wp:attachment":[{"href":"https:\/\/www.echoo.de\/fr\/wp-json\/wp\/v2\/media?parent=160"}],"curies":[{"name":"wp","href":"https:\/\/api.w.org\/{rel}","templated":true}]}}